{"id":879,"date":"2019-05-23T14:16:44","date_gmt":"2019-05-23T12:16:44","guid":{"rendered":"http:\/\/zbikowska.waw.pl\/serwis\/?page_id=879"},"modified":"2019-06-17T14:24:13","modified_gmt":"2019-06-17T12:24:13","slug":"walne-zgromadzenie-2019","status":"publish","type":"page","link":"https:\/\/zbikowska.waw.pl\/serwis\/walne-zgromadzenie-2019\/","title":{"rendered":"Walne Zgromadzenie 2019"},"content":{"rendered":"<p><a href=\"https:\/\/zbikowska.waw.pl\/serwis\/wp-content\/uploads\/2019\/05\/01.-Protok\u00f3\u0142-z-Walnego-Zgromadzenia-06.06.2019.pdf\">01. Protok\u00f3\u0142 z Walnego Zgromadzenia 06.06.2019<\/a><\/p>\n<p><a href=\"https:\/\/zbikowska.waw.pl\/serwis\/wp-content\/uploads\/2019\/05\/02.-Uchwa\u0142a-nr-1-w-spr-wniosk\u00f3w-z-lustracji-2019.pdf\">02. Uchwa\u0142a nr 1 w spr wniosk\u00f3w z lustracji 2019<\/a><\/p>\n<p><a href=\"https:\/\/zbikowska.waw.pl\/serwis\/wp-content\/uploads\/2019\/05\/03.-Uchwa\u0142a-nr-2-w-spr.-zatwierdzenia-sprawozdania-Komisji-Rewizyjnej-za-rok-2018.pdf\">03. Uchwa\u0142a nr 2 w spr. zatwierdzenia sprawozdania Komisji Rewizyjnej za rok 2018<\/a><\/p>\n<p><a href=\"https:\/\/zbikowska.waw.pl\/serwis\/wp-content\/uploads\/2019\/05\/04.-Sprawozdanie-Komisji-Rewizyjnej-za-rok-2018r-1.pdf\">04. Sprawozdanie Komisji Rewizyjnej za rok 2018r<\/a><\/p>\n<p><a href=\"https:\/\/zbikowska.waw.pl\/serwis\/wp-content\/uploads\/2019\/05\/05.-Uchwa\u0142a-nr-3-w-spr.-zatwierdzenia-sprawozdania-Zarz\u0105du-za-rok-2018.pdf\">05. Uchwa\u0142a nr 3 w spr. zatwierdzenia sprawozdania Zarz\u0105du za rok 2018<\/a><\/p>\n<p><a href=\"https:\/\/zbikowska.waw.pl\/serwis\/wp-content\/uploads\/2019\/05\/06.-Sprawozdanie-Zarzadu-2018r..pdf\">06. Sprawozdanie Zarzadu 2018r.<\/a><\/p>\n<p><a href=\"https:\/\/zbikowska.waw.pl\/serwis\/wp-content\/uploads\/2019\/05\/07.-Uchwa\u0142a-nr-4-w-spr.-zatwierdzenia-sprawozdania-finansowego-za-rok-2018.pdf\">07. Uchwa\u0142a nr 4 w spr. zatwierdzenia sprawozdania finansowego za rok 2018<\/a><\/p>\n<p><a href=\"https:\/\/zbikowska.waw.pl\/serwis\/wp-content\/uploads\/2019\/05\/08.-Bilans-za-rok-2018-1.pdf\">08. Bilans za rok 2018<\/a><\/p>\n<p><a href=\"https:\/\/zbikowska.waw.pl\/serwis\/wp-content\/uploads\/2019\/05\/09.-Rachunek-zysk\u00f3w-i-strat-2018-1.pdf\">09. Rachunek zysk\u00f3w i strat 2018<\/a><\/p>\n<p><a href=\"https:\/\/zbikowska.waw.pl\/serwis\/wp-content\/uploads\/2019\/05\/10.-Informacja-dodatkowa-do-bilansu-za-rok-2018-1.pdf\">10. Informacja dodatkowa do bilansu za rok 2018<\/a><\/p>\n<p><a href=\"https:\/\/zbikowska.waw.pl\/serwis\/wp-content\/uploads\/2019\/05\/11.-Uchwa\u0142a-nr-5-w-spr.-udzielenia-absolutorium-prezesowi-zarz\u0105du.pdf\">11. Uchwa\u0142a nr 5 w spr. udzielenia absolutorium prezesowi zarz\u0105du<\/a><\/p>\n<p><a href=\"https:\/\/zbikowska.waw.pl\/serwis\/wp-content\/uploads\/2019\/05\/12.-Uchwa\u0142a-nr-6-w-spr.-udzielenia-absolutorium-cz\u0142onkowi-zarz\u0105du1.pdf\">12. Uchwa\u0142a nr 6 w spr. udzielenia absolutorium cz\u0142onkowi zarz\u0105du1<\/a><\/p>\n<p><a href=\"https:\/\/zbikowska.waw.pl\/serwis\/wp-content\/uploads\/2019\/05\/13.-Uchwa\u0142a-nr-7-w-spr.-udzielenia-absolutorium-cz\u0142onkowi-zarz\u0105du.pdf\">13. Uchwa\u0142a nr 7 w spr. udzielenia absolutorium cz\u0142onkowi zarz\u0105du<\/a><\/p>\n<p><a href=\"https:\/\/zbikowska.waw.pl\/serwis\/wp-content\/uploads\/2019\/05\/14.-Uchwa\u0142a-nr-8-w-spr.-spoobu-pokrycia-nadwy\u017cki-koszt\u00f3w-nad-przychodami.pdf\">14. Uchwa\u0142a nr 8 w spr. spoobu pokrycia nadwy\u017cki koszt\u00f3w nad przychodami<\/a><\/p>\n<p><a href=\"https:\/\/zbikowska.waw.pl\/serwis\/wp-content\/uploads\/2019\/05\/15.-Uchwa\u0142a-nr-9-w-spr.-oznaczenia-najwy\u017cszej-sumy-zobowiaza\u0144-w-roku-2019.pdf\">15. Uchwa\u0142a nr 9 w spr. oznaczenia najwy\u017cszej sumy zobowiaza\u0144 w roku 2019<\/a><\/p>\n<p><a href=\"https:\/\/zbikowska.waw.pl\/serwis\/wp-content\/uploads\/2019\/05\/16.-Uchwa\u0142a-nr-10-w-sprawie-zatwierdzenia-Planu-gospodarczego-na-rok-2019.pdf\">16. Uchwa\u0142a nr 10 w sprawie zatwierdzenia Planu gospodarczego na rok 2019<\/a><\/p>\n<p><a href=\"https:\/\/zbikowska.waw.pl\/serwis\/wp-content\/uploads\/2019\/05\/17.-Plan-Gospodarczy-na-rok-2019-1.pdf\">17. Plan Gospodarczy na rok 2019<\/a><\/p>\n<p>&nbsp;<\/p>\n<p>&nbsp;<\/p>\n<p>&nbsp;<\/p>\n<p>&nbsp;<\/p>\n<p>&nbsp;<\/p>\n<p>&nbsp;<\/p>\n<p>&nbsp;<\/p>\n<p>&nbsp;<\/p>\n<p>&nbsp;<\/p>\n<p>&nbsp;<\/p>\n<p>&nbsp;<\/p>\n<p>&nbsp;<\/p>\n<p>&nbsp;<\/p>\n<p>&nbsp;<\/p>\n","protected":false},"excerpt":{"rendered":"<p>01. Protok\u00f3\u0142 z Walnego Zgromadzenia 06.06.2019 02. Uchwa\u0142a nr 1 w spr wniosk\u00f3w z lustracji 2019 03. Uchwa\u0142a nr 2 w spr. zatwierdzenia sprawozdania Komisji Rewizyjnej za rok 2018 04. Sprawozdanie Komisji Rewizyjnej za rok 2018r 05. Uchwa\u0142a nr 3 w spr. zatwierdzenia sprawozdania Zarz\u0105du za rok 2018 06. Sprawozdanie Zarzadu 2018r. 07. Uchwa\u0142a nr &hellip; <\/p>\n<p class=\"link-more\"><a href=\"https:\/\/zbikowska.waw.pl\/serwis\/walne-zgromadzenie-2019\/\" class=\"more-link\">Czytaj dalej<span class=\"screen-reader-text\"> \u201eWalne Zgromadzenie 2019\u201d<\/span><\/a><\/p>\n","protected":false},"author":3,"featured_media":0,"parent":0,"menu_order":0,"comment_status":"closed","ping_status":"closed","template":"","meta":{"footnotes":""},"class_list":["post-879","page","type-page","status-publish","hentry"],"_links":{"self":[{"href":"https:\/\/zbikowska.waw.pl\/serwis\/wp-json\/wp\/v2\/pages\/879","targetHints":{"allow":["GET"]}}],"collection":[{"href":"https:\/\/zbikowska.waw.pl\/serwis\/wp-json\/wp\/v2\/pages"}],"about":[{"href":"https:\/\/zbikowska.waw.pl\/serwis\/wp-json\/wp\/v2\/types\/page"}],"author":[{"embeddable":true,"href":"https:\/\/zbikowska.waw.pl\/serwis\/wp-json\/wp\/v2\/users\/3"}],"replies":[{"embeddable":true,"href":"https:\/\/zbikowska.waw.pl\/serwis\/wp-json\/wp\/v2\/comments?post=879"}],"version-history":[{"count":6,"href":"https:\/\/zbikowska.waw.pl\/serwis\/wp-json\/wp\/v2\/pages\/879\/revisions"}],"predecessor-version":[{"id":931,"href":"https:\/\/zbikowska.waw.pl\/serwis\/wp-json\/wp\/v2\/pages\/879\/revisions\/931"}],"wp:attachment":[{"href":"https:\/\/zbikowska.waw.pl\/serwis\/wp-json\/wp\/v2\/media?parent=879"}],"curies":[{"name":"wp","href":"https:\/\/api.w.org\/{rel}","templated":true}]}}