{"id":821,"date":"2018-06-24T14:24:58","date_gmt":"2018-06-24T12:24:58","guid":{"rendered":"http:\/\/zbikowska.waw.pl\/serwis\/?page_id=821"},"modified":"2018-06-24T14:24:58","modified_gmt":"2018-06-24T12:24:58","slug":"walne-zgromadzenie-2018","status":"publish","type":"page","link":"https:\/\/zbikowska.waw.pl\/serwis\/walne-zgromadzenie-2018\/","title":{"rendered":"Walne Zgromadzenie 2018"},"content":{"rendered":"<p><a href=\"https:\/\/zbikowska.waw.pl\/serwis\/wp-content\/uploads\/2018\/06\/01.-Protok\u00f3\u0142-z-Walnego-Zgromadzenia-w-dniu-07.06.2018r..pdf\">01. Protok\u00f3\u0142 z Walnego Zgromadzenia w dniu 07.06.2018r.<\/a><\/p>\n<p><a href=\"https:\/\/zbikowska.waw.pl\/serwis\/wp-content\/uploads\/2018\/06\/02.-Uchwa\u0142a-nr-1-w-spr.-zmian-w-regulaminie-obrad-Walnego-Zgromadzenia.pdf\">02. Uchwa\u0142a nr 1 w spr. zmian w regulaminie obrad Walnego Zgromadzenia<\/a><\/p>\n<p><a href=\"https:\/\/zbikowska.waw.pl\/serwis\/wp-content\/uploads\/2018\/06\/03.-Regulamin-obrad-Walnego-Zgromadzenia.pdf\">03. Regulamin obrad Walnego Zgromadzenia<\/a><\/p>\n<p><a href=\"https:\/\/zbikowska.waw.pl\/serwis\/wp-content\/uploads\/2018\/06\/04.-Uchwa\u0142a-nr-2-w-spr.-zatwierdzenia-sprawozdania-Komisji-Rewizyjnej-za-rok-2017.pdf\">04. Uchwa\u0142a nr 2 w spr. zatwierdzenia sprawozdania Komisji Rewizyjnej za rok 2017<\/a><\/p>\n<p><a href=\"https:\/\/zbikowska.waw.pl\/serwis\/wp-content\/uploads\/2018\/06\/05.-Sprawozdanie-Komisji-Rewizyjnej-2017r.pdf\">05. Sprawozdanie Komisji Rewizyjnej 2017r<\/a><\/p>\n<p><a href=\"https:\/\/zbikowska.waw.pl\/serwis\/wp-content\/uploads\/2018\/06\/06.-Uchwa\u0142a-nr-3-w-spr.-zatwierdzenia-sprawozdania-Zarz\u0105du-za-rok-2017.pdf\">06. Uchwa\u0142a nr 3 w spr. zatwierdzenia sprawozdania Zarz\u0105du za rok 2017<\/a><\/p>\n<p><a href=\"https:\/\/zbikowska.waw.pl\/serwis\/wp-content\/uploads\/2018\/06\/07.-Sprawozdanie-Zarz\u0105du-2017r..pdf\">07. Sprawozdanie Zarz\u0105du 2017r.<\/a><\/p>\n<p><a href=\"https:\/\/zbikowska.waw.pl\/serwis\/wp-content\/uploads\/2018\/06\/08.-Uchwa\u0142a-nr-4-w-spr.-zatwierdzenia-sprawozdania-finansowego-za-rok-2017.pdf\">08. Uchwa\u0142a nr 4 w spr. zatwierdzenia sprawozdania finansowego za rok 2017<\/a><\/p>\n<p><a href=\"https:\/\/zbikowska.waw.pl\/serwis\/wp-content\/uploads\/2018\/06\/09.-Bilans-za-rok-2017.pdf\">09. Bilans za rok 2017<\/a><\/p>\n<p><a href=\"https:\/\/zbikowska.waw.pl\/serwis\/wp-content\/uploads\/2018\/06\/10.-Rachunek-zysk\u00f3w-i-strat-za-2017r.pdf\">10. Rachunek zysk\u00f3w i strat za 2017r<\/a><\/p>\n<p><a href=\"https:\/\/zbikowska.waw.pl\/serwis\/wp-content\/uploads\/2018\/06\/11.-Informacja-dodatkowa-do-Bilansu-za-2017r.pdf\">11. Informacja dodatkowa do Bilansu za 2017r<\/a><\/p>\n<p><a href=\"https:\/\/zbikowska.waw.pl\/serwis\/wp-content\/uploads\/2018\/06\/12.-Uchwa\u0142a-w-spr.-udzielenia-absolutorium-prezesowi-zarz\u0105du.pdf\">12. Uchwa\u0142a w spr. udzielenia absolutorium prezesowi zarz\u0105du<\/a><\/p>\n<p><a href=\"https:\/\/zbikowska.waw.pl\/serwis\/wp-content\/uploads\/2018\/06\/13.-Uchwa\u0142a-w-spr.-udzielenia-absolutorium-cz\u0142onkowi-zarz\u0105du.pdf\">13. Uchwa\u0142a w spr. udzielenia absolutorium cz\u0142onkowi zarz\u0105du<\/a><\/p>\n<p><a href=\"https:\/\/zbikowska.waw.pl\/serwis\/wp-content\/uploads\/2018\/06\/14.-Uchwa\u0142a-w-spr-wykorzyst-nadwy\u017cki-przychod\u00f3w-nad-kosztami.pdf\">14. Uchwa\u0142a w spr wykorzyst nadwy\u017cki przychod\u00f3w nad kosztami<\/a><\/p>\n<p><a href=\"https:\/\/zbikowska.waw.pl\/serwis\/wp-content\/uploads\/2018\/06\/15.-Uchwa\u0142a-nr-8-w-spr.-oznaczenia-najwy\u017cszej-sumy-zobowiaza\u0144-w-roku-2018.pdf\">15. Uchwa\u0142a nr 8 w spr. oznaczenia najwy\u017cszej sumy zobowiaza\u0144 w roku 2018<\/a><\/p>\n<p><a href=\"https:\/\/zbikowska.waw.pl\/serwis\/wp-content\/uploads\/2018\/06\/16.-Uchwa\u0142a-nr-9-w-spr-wybor\u00f3w-do-Komisji-Rewizyjnej.pdf\">16. Uchwa\u0142a nr 9 w spr wybor\u00f3w do Komisji Rewizyjnej<\/a><\/p>\n<p><a href=\"https:\/\/zbikowska.waw.pl\/serwis\/wp-content\/uploads\/2018\/06\/17.-Uchwa\u0142a-nr-10-w-sprawie-zatwierdzenia-Planu-gospodarczego-na-rok-2018.pdf\">17. Uchwa\u0142a nr 10 w sprawie zatwierdzenia Planu gospodarczego na rok 2018<\/a><\/p>\n<p><a href=\"https:\/\/zbikowska.waw.pl\/serwis\/wp-content\/uploads\/2018\/06\/18.-Plan-gospodarczy-na-rok-2018.pdf\">18. Plan gospodarczy na rok 2018<\/a><\/p>\n<p><a href=\"https:\/\/zbikowska.waw.pl\/serwis\/wp-content\/uploads\/2018\/06\/19.-Uchwa\u0142a-nr-11-w-sprawie-zmian-w-statucie.pdf\">19. Uchwa\u0142a nr 11 w sprawie zmian w statucie<\/a><\/p>\n<p><a href=\"https:\/\/zbikowska.waw.pl\/serwis\/wp-content\/uploads\/2018\/06\/20.-Uchwa\u0142a-nr-12-w-spr-tekstu-jednolitego-statutu.pdf\">20. Uchwa\u0142a nr 12 w spr tekstu jednolitego statutu<\/a><\/p>\n<p><a href=\"https:\/\/zbikowska.waw.pl\/serwis\/wp-content\/uploads\/2018\/06\/21.-Statut-2018.pdf\">21. Statut 2018<\/a><\/p>\n<p><a href=\"https:\/\/zbikowska.waw.pl\/serwis\/wp-content\/uploads\/2018\/06\/22.-Uchwa\u0142a-nr-13-w-spr.-zmian-w-regulaminie-Komisji-Rewizyjnej-2018.pdf\">22. Uchwa\u0142a nr 13 w spr. zmian w regulaminie Komisji Rewizyjnej 2018<\/a><\/p>\n<p><a href=\"https:\/\/zbikowska.waw.pl\/serwis\/wp-content\/uploads\/2018\/06\/23.-Regulamin-Komisji-Rewizyjnej-2018.pdf\">23. Regulamin Komisji Rewizyjnej 2018<\/a><\/p>\n","protected":false},"excerpt":{"rendered":"<p>01. Protok\u00f3\u0142 z Walnego Zgromadzenia w dniu 07.06.2018r. 02. Uchwa\u0142a nr 1 w spr. zmian w regulaminie obrad Walnego Zgromadzenia 03. Regulamin obrad Walnego Zgromadzenia 04. Uchwa\u0142a nr 2 w spr. zatwierdzenia sprawozdania Komisji Rewizyjnej za rok 2017 05. Sprawozdanie Komisji Rewizyjnej 2017r 06. Uchwa\u0142a nr 3 w spr. zatwierdzenia sprawozdania Zarz\u0105du za rok 2017 &hellip; <\/p>\n<p class=\"link-more\"><a href=\"https:\/\/zbikowska.waw.pl\/serwis\/walne-zgromadzenie-2018\/\" class=\"more-link\">Czytaj dalej<span class=\"screen-reader-text\"> \u201eWalne Zgromadzenie 2018\u201d<\/span><\/a><\/p>\n","protected":false},"author":3,"featured_media":0,"parent":0,"menu_order":0,"comment_status":"closed","ping_status":"closed","template":"","meta":{"footnotes":""},"class_list":["post-821","page","type-page","status-publish","hentry"],"_links":{"self":[{"href":"https:\/\/zbikowska.waw.pl\/serwis\/wp-json\/wp\/v2\/pages\/821","targetHints":{"allow":["GET"]}}],"collection":[{"href":"https:\/\/zbikowska.waw.pl\/serwis\/wp-json\/wp\/v2\/pages"}],"about":[{"href":"https:\/\/zbikowska.waw.pl\/serwis\/wp-json\/wp\/v2\/types\/page"}],"author":[{"embeddable":true,"href":"https:\/\/zbikowska.waw.pl\/serwis\/wp-json\/wp\/v2\/users\/3"}],"replies":[{"embeddable":true,"href":"https:\/\/zbikowska.waw.pl\/serwis\/wp-json\/wp\/v2\/comments?post=821"}],"version-history":[{"count":1,"href":"https:\/\/zbikowska.waw.pl\/serwis\/wp-json\/wp\/v2\/pages\/821\/revisions"}],"predecessor-version":[{"id":845,"href":"https:\/\/zbikowska.waw.pl\/serwis\/wp-json\/wp\/v2\/pages\/821\/revisions\/845"}],"wp:attachment":[{"href":"https:\/\/zbikowska.waw.pl\/serwis\/wp-json\/wp\/v2\/media?parent=821"}],"curies":[{"name":"wp","href":"https:\/\/api.w.org\/{rel}","templated":true}]}}