{"id":729,"date":"2017-05-25T10:17:38","date_gmt":"2017-05-25T08:17:38","guid":{"rendered":"http:\/\/zbikowska.waw.pl\/serwis\/?page_id=729"},"modified":"2017-06-22T14:46:16","modified_gmt":"2017-06-22T12:46:16","slug":"walne-zgromadzenie-2017","status":"publish","type":"page","link":"https:\/\/zbikowska.waw.pl\/serwis\/walne-zgromadzenie-2017\/","title":{"rendered":"Walne Zgromadzenie 2017"},"content":{"rendered":"<p>W dniu 08.06.2017r. w siedzibie Sp\u00f3\u0142dzielni przy ul. \u017bbikowskiej 30 w Piastowie, odby\u0142oi\u0119 Walne Zgromadzenie Cz\u0142onk\u00f3w Sp\u00f3\u0142dzielni Mieszkaniowo-Budowlanej &#8222;\u017bBIKOWSKA&#8221; w Piastowie.<\/p>\n<p><a href=\"https:\/\/zbikowska.waw.pl\/serwis\/wp-content\/uploads\/2017\/05\/01.-Protok\u00f3\u0142-WZ-2017.pdf\">01. Protok\u00f3\u0142 WZ 2017<\/a><\/p>\n<p><a href=\"https:\/\/zbikowska.waw.pl\/serwis\/wp-content\/uploads\/2017\/05\/02.-Sprawozdanie-Komisji-Rewizyjnej-za-rok-2016.pdf\">02. Sprawozdanie Komisji Rewizyjnej za rok 2016<\/a><\/p>\n<p><a href=\"https:\/\/zbikowska.waw.pl\/serwis\/wp-content\/uploads\/2017\/05\/03.-Uchwa\u0142a-WZ-nr-1-w-spr-zatw-sprawozd-KR.pdf\">03. Uchwa\u0142a WZ nr 1 w spr zatw sprawozd KR<\/a><\/p>\n<p><a href=\"https:\/\/zbikowska.waw.pl\/serwis\/wp-content\/uploads\/2017\/05\/04.-Sprawozdanie-Zarz\u0105du-za-rok-2016.pdf\">04. Sprawozdanie Zarz\u0105du za rok 2016<\/a><\/p>\n<p><a href=\"https:\/\/zbikowska.waw.pl\/serwis\/wp-content\/uploads\/2017\/05\/05.-Uchwa\u0142a-WZ-nr-2-w-spr-zatw-sprawozd-Zarz\u0105du.pdf\">05. Uchwa\u0142a WZ nr 2 w spr zatw sprawozd Zarz\u0105du<\/a><\/p>\n<p><a href=\"https:\/\/zbikowska.waw.pl\/serwis\/wp-content\/uploads\/2017\/05\/06.-Bilans-sporz\u0105dzony-na-dzie\u0144-31.12.2016r.pdf\">06. Bilans sporz\u0105dzony na dzie\u0144 31.12.2016r<\/a><\/p>\n<p><a href=\"https:\/\/zbikowska.waw.pl\/serwis\/wp-content\/uploads\/2017\/05\/07.-Rachunek-zysk\u00f3w-i-strat-za-rok-2016.pdf\">07. Rachunek zysk\u00f3w i strat za rok 2016<\/a><\/p>\n<p><a href=\"https:\/\/zbikowska.waw.pl\/serwis\/wp-content\/uploads\/2017\/05\/08.-Informacja-dodatkowa-do-bilansu-za-rok-2016.pdf\">08. Informacja dodatkowa do bilansu za rok 2016<\/a><\/p>\n<p><a href=\"https:\/\/zbikowska.waw.pl\/serwis\/wp-content\/uploads\/2017\/05\/09.-Uchwa\u0142a-WZ-nr-3-w-spr-zatw-sprawozd-finans.pdf\">09. Uchwa\u0142a WZ nr 3 w spr zatw sprawozd finans<\/a><\/p>\n<p><a href=\"https:\/\/zbikowska.waw.pl\/serwis\/wp-content\/uploads\/2017\/05\/10.-Uchwa\u0142a-WZ-nr-4-w-spr-absolut-dla-prezesa-Zarz.pdf\">10. Uchwa\u0142a WZ nr 4 w spr absolut dla prezesa Zarz<\/a><\/p>\n<p><a href=\"https:\/\/zbikowska.waw.pl\/serwis\/wp-content\/uploads\/2017\/05\/11.-Uchwa\u0142a-WZ-nr-5-w-spr-absolut-dla-Cz\u0142onka-Zarz.pdf\">11. Uchwa\u0142a WZ nr 5 w spr absolut dla Cz\u0142onka Zarz<\/a><\/p>\n<p><a href=\"https:\/\/zbikowska.waw.pl\/serwis\/wp-content\/uploads\/2017\/05\/12.-Uchwa\u0142a-WZ-nr-6-w-spr-wykorzyst-nadw-przych-nad-kosztami.pdf\">12. Uchwa\u0142a WZ nr 6 w spr wykorzyst nadw przych nad kosztami<\/a><\/p>\n<p><a href=\"https:\/\/zbikowska.waw.pl\/serwis\/wp-content\/uploads\/2017\/05\/13.-Uchwa\u0142a-WZ-nr-7-w-spr-najwy\u017cszej-sumy-zobow.pdf\">13. Uchwa\u0142a WZ nr 7 w spr najwy\u017cszej sumy zobow<\/a><\/p>\n<p><a href=\"https:\/\/zbikowska.waw.pl\/serwis\/wp-content\/uploads\/2017\/05\/14.-uchwa\u0142a-WZ-nr-8-w-spr-zatw-planu-gosp.pdf\">14. uchwa\u0142a WZ nr 8 w spr zatw planu gosp<\/a><\/p>\n<p><a href=\"https:\/\/zbikowska.waw.pl\/serwis\/wp-content\/uploads\/2017\/05\/15.-Plan-gospodarczy-na-rok-2017.pdf\">15. Plan gospodarczy na rok 2017<\/a><\/p>\n<p>&nbsp;<\/p>\n","protected":false},"excerpt":{"rendered":"<p>W dniu 08.06.2017r. w siedzibie Sp\u00f3\u0142dzielni przy ul. \u017bbikowskiej 30 w Piastowie, odby\u0142oi\u0119 Walne Zgromadzenie Cz\u0142onk\u00f3w Sp\u00f3\u0142dzielni Mieszkaniowo-Budowlanej &#8222;\u017bBIKOWSKA&#8221; w Piastowie. 01. Protok\u00f3\u0142 WZ 2017 02. Sprawozdanie Komisji Rewizyjnej za rok 2016 03. Uchwa\u0142a WZ nr 1 w spr zatw sprawozd KR 04. Sprawozdanie Zarz\u0105du za rok 2016 05. Uchwa\u0142a WZ nr 2 w spr &hellip; <\/p>\n<p class=\"link-more\"><a href=\"https:\/\/zbikowska.waw.pl\/serwis\/walne-zgromadzenie-2017\/\" class=\"more-link\">Czytaj dalej<span class=\"screen-reader-text\"> \u201eWalne Zgromadzenie 2017\u201d<\/span><\/a><\/p>\n","protected":false},"author":3,"featured_media":0,"parent":0,"menu_order":0,"comment_status":"closed","ping_status":"closed","template":"","meta":{"footnotes":""},"class_list":["post-729","page","type-page","status-publish","hentry"],"_links":{"self":[{"href":"https:\/\/zbikowska.waw.pl\/serwis\/wp-json\/wp\/v2\/pages\/729","targetHints":{"allow":["GET"]}}],"collection":[{"href":"https:\/\/zbikowska.waw.pl\/serwis\/wp-json\/wp\/v2\/pages"}],"about":[{"href":"https:\/\/zbikowska.waw.pl\/serwis\/wp-json\/wp\/v2\/types\/page"}],"author":[{"embeddable":true,"href":"https:\/\/zbikowska.waw.pl\/serwis\/wp-json\/wp\/v2\/users\/3"}],"replies":[{"embeddable":true,"href":"https:\/\/zbikowska.waw.pl\/serwis\/wp-json\/wp\/v2\/comments?post=729"}],"version-history":[{"count":4,"href":"https:\/\/zbikowska.waw.pl\/serwis\/wp-json\/wp\/v2\/pages\/729\/revisions"}],"predecessor-version":[{"id":770,"href":"https:\/\/zbikowska.waw.pl\/serwis\/wp-json\/wp\/v2\/pages\/729\/revisions\/770"}],"wp:attachment":[{"href":"https:\/\/zbikowska.waw.pl\/serwis\/wp-json\/wp\/v2\/media?parent=729"}],"curies":[{"name":"wp","href":"https:\/\/api.w.org\/{rel}","templated":true}]}}