{"id":623,"date":"2015-06-18T10:06:48","date_gmt":"2015-06-18T08:06:48","guid":{"rendered":"http:\/\/zbikowska.waw.pl\/serwis\/?page_id=623"},"modified":"2015-06-18T10:18:17","modified_gmt":"2015-06-18T08:18:17","slug":"walne-zgromadzenie-2015-3","status":"publish","type":"page","link":"https:\/\/zbikowska.waw.pl\/serwis\/walne-zgromadzenie-2015-3\/","title":{"rendered":"Walne Zgromadzenie 2015"},"content":{"rendered":"<p><a href=\"https:\/\/zbikowska.waw.pl\/serwis\/wp-content\/uploads\/2015\/06\/01.-Tekst-zawiadomienia-dla-Krajowej-Rady-Sp\u00f3\u0142dzielczej.pdf\">01. Tekst zawiadomienia dla Krajowej Rady Sp\u00f3\u0142dzielczej<\/a><\/p>\n<p><a href=\"https:\/\/zbikowska.waw.pl\/serwis\/wp-content\/uploads\/2015\/06\/02.-Tekst-zawiadomienia-o-Walnym-Zgromadzeniu.pdf\">02. Tekst zawiadomienia o Walnym Zgromadzeniu<\/a><\/p>\n<p><a href=\"https:\/\/zbikowska.waw.pl\/serwis\/wp-content\/uploads\/2015\/06\/03.-Protok\u00f3\u0142-z-Walnego-Zgromadzenia-w-dniu-11.06.2015r..pdf\">03. Protok\u00f3\u0142 z Walnego Zgromadzenia w dniu 11.06.2015r.<\/a><\/p>\n<p><a href=\"https:\/\/zbikowska.waw.pl\/serwis\/wp-content\/uploads\/2015\/06\/04.-Sprawozdanie-Komisji-Rewizyjnej-za-rok-2014.pdf\">04. Sprawozdanie Komisji Rewizyjnej za rok 2014<\/a><\/p>\n<p><a href=\"https:\/\/zbikowska.waw.pl\/serwis\/wp-content\/uploads\/2015\/06\/05.-Uchwa\u0142a-nr-1-w-spr.-zatwierdzenia-sprawozdania-Komisji-Rewizyjnej-za-rok-2014.pdf\">05. Uchwa\u0142a nr 1 w spr. zatwierdzenia sprawozdania Komisji Rewizyjnej za rok 2014<\/a><\/p>\n<p><a href=\"https:\/\/zbikowska.waw.pl\/serwis\/wp-content\/uploads\/2015\/06\/06.-Sprawozdanie-Zarz\u0105du-za-rok-2014.pdf\">06. Sprawozdanie Zarz\u0105du za rok 2014<\/a><\/p>\n<p><a href=\"https:\/\/zbikowska.waw.pl\/serwis\/wp-content\/uploads\/2015\/06\/07.-Bilans-sporzadzony-na-dzie\u0144-31.12.2014r..pdf\">07. Bilans sporz\u0105dzony na dzie\u0144 31.12.2014r.<\/a><\/p>\n<p><a href=\"https:\/\/zbikowska.waw.pl\/serwis\/wp-content\/uploads\/2015\/06\/08.-Rachunek-zysk\u00f3w-i-strat-za-rok-2014.pdf\">08. Rachunek zysk\u00f3w i strat za rok 2014<\/a><\/p>\n<p><a href=\"https:\/\/zbikowska.waw.pl\/serwis\/wp-content\/uploads\/2015\/06\/09.-Informacja-dodatkowa-do-bilansu-za-rok-2014.pdf\">09. Informacja dodatkowa do bilansu za rok 2014<\/a><\/p>\n<p><a href=\"https:\/\/zbikowska.waw.pl\/serwis\/wp-content\/uploads\/2015\/06\/10.-Uchwa\u0142a-nr-2-w-spr.-zatwierdzenia-sprawozdania-Zarz\u0105du-za-rok-2014.pdf\">10. Uchwa\u0142a nr 2 w spr. zatwierdzenia sprawozdania Zarz\u0105du za rok 2014<\/a><\/p>\n<p><a href=\"https:\/\/zbikowska.waw.pl\/serwis\/wp-content\/uploads\/2015\/06\/11.-Uchwa\u0142a-nr-3-w-spr.-zatwierdzenia-sprawozdania-finansowego-za-rok-2014.pdf\">11. Uchwa\u0142a nr 3 w spr. zatwierdzenia sprawozdania finansowego za rok 2014<\/a><\/p>\n<p><a href=\"https:\/\/zbikowska.waw.pl\/serwis\/wp-content\/uploads\/2015\/06\/12.-Uchwa\u0142a-nr-4-w-spr.-udzielenia-absolutorium-prezesowi-zarz\u0105du.pdf\">12. Uchwa\u0142a nr 4 w spr. udzielenia absolutorium prezesowi zarz\u0105du<\/a><\/p>\n<p><a href=\"https:\/\/zbikowska.waw.pl\/serwis\/wp-content\/uploads\/2015\/06\/13.-Uchwa\u0142a-nr-5-w-spr.-udzielenia-absolutorium-cz\u0142onkowi-zarz\u0105du.pdf\">13. Uchwa\u0142a nr 5 w spr. udzielenia absolutorium cz\u0142onkowi zarz\u0105du<\/a><\/p>\n<p><a href=\"https:\/\/zbikowska.waw.pl\/serwis\/wp-content\/uploads\/2015\/06\/14.-Uchwa\u0142a-nr-6-w-spr.-spoobu-pokrycia-nadwy\u017cki-koszt\u00f3w-nad-przychodami.pdf\">14. Uchwa\u0142a nr 6 w spr. spoobu pokrycia nadwy\u017cki koszt\u00f3w nad przychodami<\/a><\/p>\n<p><a href=\"https:\/\/zbikowska.waw.pl\/serwis\/wp-content\/uploads\/2015\/06\/15.-Uchwa\u0142a-nr-7-w-spr.-oznaczenia-najwy\u017cszej-sumy-zobowiaza\u0144-w-roku-2015.pdf\">15. Uchwa\u0142a nr 7 w spr. oznaczenia najwy\u017cszej sumy zobowiaza\u0144 w roku 2015<\/a><\/p>\n<p><a href=\"https:\/\/zbikowska.waw.pl\/serwis\/wp-content\/uploads\/2015\/06\/16.-Uchwa\u0142a-nr-8-w-spr.-wybor\u00f3w-do-Komisji-Rewizyjnej.pdf\">16. Uchwa\u0142a nr 8 w spr. wybor\u00f3w do Komisji Rewizyjnej<\/a><\/p>\n<p><a href=\"https:\/\/zbikowska.waw.pl\/serwis\/wp-content\/uploads\/2015\/06\/17.-Uchwa\u0142a-nr-9-w-sprawie-zatwierdzenia-Planu-gospodarczego-na-rok-2015.pdf\">17. Uchwa\u0142a nr 9 w sprawie zatwierdzenia Planu gospodarczego na rok 2015<\/a><\/p>\n<p><a href=\"https:\/\/zbikowska.waw.pl\/serwis\/wp-content\/uploads\/2015\/06\/18.-Plan-Gospodarczy-na-rok-2015.pdf\">18. Plan Gospodarczy na rok 2015<\/a><\/p>\n","protected":false},"excerpt":{"rendered":"<p>01. Tekst zawiadomienia dla Krajowej Rady Sp\u00f3\u0142dzielczej 02. Tekst zawiadomienia o Walnym Zgromadzeniu 03. Protok\u00f3\u0142 z Walnego Zgromadzenia w dniu 11.06.2015r. 04. Sprawozdanie Komisji Rewizyjnej za rok 2014 05. Uchwa\u0142a nr 1 w spr. zatwierdzenia sprawozdania Komisji Rewizyjnej za rok 2014 06. Sprawozdanie Zarz\u0105du za rok 2014 07. Bilans sporz\u0105dzony na dzie\u0144 31.12.2014r. 08. Rachunek &hellip; <\/p>\n<p class=\"link-more\"><a href=\"https:\/\/zbikowska.waw.pl\/serwis\/walne-zgromadzenie-2015-3\/\" class=\"more-link\">Czytaj dalej<span class=\"screen-reader-text\"> \u201eWalne Zgromadzenie 2015\u201d<\/span><\/a><\/p>\n","protected":false},"author":3,"featured_media":0,"parent":0,"menu_order":0,"comment_status":"closed","ping_status":"closed","template":"","meta":{"footnotes":""},"class_list":["post-623","page","type-page","status-publish","hentry"],"_links":{"self":[{"href":"https:\/\/zbikowska.waw.pl\/serwis\/wp-json\/wp\/v2\/pages\/623","targetHints":{"allow":["GET"]}}],"collection":[{"href":"https:\/\/zbikowska.waw.pl\/serwis\/wp-json\/wp\/v2\/pages"}],"about":[{"href":"https:\/\/zbikowska.waw.pl\/serwis\/wp-json\/wp\/v2\/types\/page"}],"author":[{"embeddable":true,"href":"https:\/\/zbikowska.waw.pl\/serwis\/wp-json\/wp\/v2\/users\/3"}],"replies":[{"embeddable":true,"href":"https:\/\/zbikowska.waw.pl\/serwis\/wp-json\/wp\/v2\/comments?post=623"}],"version-history":[{"count":3,"href":"https:\/\/zbikowska.waw.pl\/serwis\/wp-json\/wp\/v2\/pages\/623\/revisions"}],"predecessor-version":[{"id":644,"href":"https:\/\/zbikowska.waw.pl\/serwis\/wp-json\/wp\/v2\/pages\/623\/revisions\/644"}],"wp:attachment":[{"href":"https:\/\/zbikowska.waw.pl\/serwis\/wp-json\/wp\/v2\/media?parent=623"}],"curies":[{"name":"wp","href":"https:\/\/api.w.org\/{rel}","templated":true}]}}