{"id":5,"date":"2010-03-17T15:31:36","date_gmt":"2010-03-17T15:31:36","guid":{"rendered":"http:\/\/paciorek.org\/zbikowska\/\/?page_id=2"},"modified":"2022-06-23T14:10:48","modified_gmt":"2022-06-23T12:10:48","slug":"about-2","status":"publish","type":"page","link":"https:\/\/zbikowska.waw.pl\/serwis\/about-2\/","title":{"rendered":"O nas"},"content":{"rendered":"<h2><strong>Sp\u00f3\u0142dzielnia Mieszkaniowo-Budowlana w Piastowie<\/strong><\/h2>\n<h3>ul \u017bbikowska 30<\/h3>\n<h3>05-820 Piast\u00f3w<\/h3>\n<p>Tel: \u00a0 \u00a0+48 227237058<br \/>\ne-mail: <a href=\"mailto:spoldzielnia@zbikowska.waw.pl\">spoldzielnia@zbikowska.waw.pl<\/a><\/p>\n<p>NIP: 5342241086<br \/>\nREGON: 015583719<br \/>\nKRS 0000176330<\/p>\n<p><strong>Rachunek bankowy<\/strong><br \/>\nPekao S.A. Oddzia\u0142 w Piastowie, ul. Dworcowa 1<br \/>\n20 1240 6407 1111 0000 5098 1450<\/p>\n","protected":false},"excerpt":{"rendered":"<p>Sp\u00f3\u0142dzielnia Mieszkaniowo-Budowlana w Piastowie ul \u017bbikowska 30 05-820 Piast\u00f3w Tel: \u00a0 \u00a0+48 227237058 e-mail: spoldzielnia@zbikowska.waw.pl NIP: 5342241086 REGON: 015583719 KRS 0000176330 Rachunek bankowy Pekao S.A. Oddzia\u0142 w Piastowie, ul. Dworcowa 1 20 1240 6407 1111 0000 5098 1450<\/p>\n","protected":false},"author":3,"featured_media":0,"parent":0,"menu_order":0,"comment_status":"closed","ping_status":"closed","template":"","meta":{"footnotes":""},"class_list":["post-5","page","type-page","status-publish","hentry"],"_links":{"self":[{"href":"https:\/\/zbikowska.waw.pl\/serwis\/wp-json\/wp\/v2\/pages\/5","targetHints":{"allow":["GET"]}}],"collection":[{"href":"https:\/\/zbikowska.waw.pl\/serwis\/wp-json\/wp\/v2\/pages"}],"about":[{"href":"https:\/\/zbikowska.waw.pl\/serwis\/wp-json\/wp\/v2\/types\/page"}],"author":[{"embeddable":true,"href":"https:\/\/zbikowska.waw.pl\/serwis\/wp-json\/wp\/v2\/users\/3"}],"replies":[{"embeddable":true,"href":"https:\/\/zbikowska.waw.pl\/serwis\/wp-json\/wp\/v2\/comments?post=5"}],"version-history":[{"count":5,"href":"https:\/\/zbikowska.waw.pl\/serwis\/wp-json\/wp\/v2\/pages\/5\/revisions"}],"predecessor-version":[{"id":1135,"href":"https:\/\/zbikowska.waw.pl\/serwis\/wp-json\/wp\/v2\/pages\/5\/revisions\/1135"}],"wp:attachment":[{"href":"https:\/\/zbikowska.waw.pl\/serwis\/wp-json\/wp\/v2\/media?parent=5"}],"curies":[{"name":"wp","href":"https:\/\/api.w.org\/{rel}","templated":true}]}}