{"id":21,"date":"2010-03-22T12:43:26","date_gmt":"2010-03-22T11:43:26","guid":{"rendered":"http:\/\/zbikowska.waw.pl\/serwis\/?page_id=21"},"modified":"2024-01-24T15:08:48","modified_gmt":"2024-01-24T14:08:48","slug":"regulaminy","status":"publish","type":"page","link":"https:\/\/zbikowska.waw.pl\/serwis\/dokumenty\/regulaminy\/","title":{"rendered":"Regulaminy"},"content":{"rendered":"\n<h4 class=\"wp-block-heading\">Regulaminy Sp\u00f3\u0142dzielni \u017bbikowska<\/h4>\n\n\n\n<div class=\"wp-block-file\"><a id=\"wp-block-file--media-77a73adb-332f-4798-8c88-aefd4493b25d\" href=\"https:\/\/zbikowska.waw.pl\/serwis\/dokumenty\/regulaminy\/regulamin-zarzadu-2022\/\">Regulamin-Zarzadu-2022<\/a><\/div>\n\n\n\n<div class=\"wp-block-file\"><a id=\"wp-block-file--media-5eb9063c-66cd-415d-b04a-c06592152438\" href=\"https:\/\/zbikowska.waw.pl\/serwis\/regulamin-komisji-rewizyjnej-2020\/\">Regulamin Komisji Rewizyjnej 2020<br><\/a><\/div>\n\n\n\n<p class=\"has-small-font-size\"><a href=\"https:\/\/zbikowska.waw.pl\/serwis\/wp-content\/uploads\/2010\/03\/Regulamin-obrad-Walnego-Zgromadzenia-2018.pdf\">Regulamin obrad Walnego Zgromadzenia 2018<\/a><\/p>\n\n\n\n<div class=\"wp-block-file\"><a id=\"wp-block-file--media-9b8dbb66-d07b-450a-bfa6-dc5e52cf6ff2\" href=\"https:\/\/zbikowska.waw.pl\/serwis\/dokumenty\/regulaminy\/regulamin-gospod-zasobami-lokalowymi-2\/\">Regulamin-Gospod-Zasobami-Lokalowymi<\/a><\/div>\n\n\n\n<div class=\"wp-block-file\"><a id=\"wp-block-file--media-ee75859b-10b3-418c-a129-c58b3d84e03e\" href=\"https:\/\/zbikowska.waw.pl\/serwis\/dokumenty\/regulaminy\/regulamin-porzadku-domowego-2023\/\">Regulamin-porzadku-domowego-2023<\/a><\/div>\n\n\n\n<div class=\"wp-block-file\"><a id=\"wp-block-file--media-b5af5cbf-9d31-4263-b8bf-8ab5002487c3\" href=\"https:\/\/zbikowska.waw.pl\/serwis\/dokumenty\/regulaminy\/regulamin-korzystania-z-wejsc-i-wjazdow-2\/\">Regulamin-korzystania-z-wejsc-i-wjazdow<\/a><\/div>\n\n\n\n<div class=\"wp-block-file\"><a id=\"wp-block-file--media-ac605fe9-c8d4-49aa-a795-471637b9a69e\" href=\"https:\/\/zbikowska.waw.pl\/serwis\/wp-content\/uploads\/2023\/12\/Regulamin-korzystania-z-parkingu-2023.pdf\">Regulamin-korzystania-z-parkingu-2023<br><\/a><\/div>\n\n\n\n<p class=\"has-small-font-size\"><a href=\"https:\/\/zbikowska.waw.pl\/serwis\/wp-content\/uploads\/2010\/03\/Polityka-bezpiecze\u0144stwa-2018-1.pdf\">Polityka bezpiecze\u0144stwa 2018<\/a><\/p>\n\n\n\n<p class=\"has-small-font-size\"><a href=\"https:\/\/zbikowska.waw.pl\/serwis\/wp-content\/uploads\/2010\/03\/Regulamin-telewizji-przemys\u0142owej.pdf\">Regulamin telewizji przemys\u0142owej<\/a><\/p>\n\n\n\n<div class=\"wp-block-file\"><a id=\"wp-block-file--media-c7038cf5-7cf1-4160-863e-e2c416a42045\" href=\"https:\/\/zbikowska.waw.pl\/serwis\/dokumenty\/regulaminy\/regulamin-zlecania-robot-2023-1\/\">Regulamin-zlecania-robot-2023-1<\/a><\/div>\n\n\n\n<div class=\"wp-block-file\"><a id=\"wp-block-file--media-3d7d86a4-eaff-4b2a-8d9f-a30bf3d012f6\" href=\"https:\/\/zbikowska.waw.pl\/serwis\/dokumenty\/regulaminy\/regulamin-planow-remontow-2022\/\">Regulamin-planow-remontow-2022<br><\/a><\/div>\n\n\n\n<p class=\"has-small-font-size\"><a href=\"https:\/\/zbikowska.waw.pl\/serwis\/wp-content\/uploads\/2010\/03\/Regulamin-udost\u0119pniania-dokument\u00f3w-2018.pdf\">Regulamin udost\u0119pniania dokument\u00f3w 2018<\/a><\/p>\n","protected":false},"excerpt":{"rendered":"<p>Regulaminy Sp\u00f3\u0142dzielni \u017bbikowska Regulamin obrad Walnego Zgromadzenia 2018 Polityka bezpiecze\u0144stwa 2018 Regulamin telewizji przemys\u0142owej Regulamin udost\u0119pniania dokument\u00f3w 2018<\/p>\n","protected":false},"author":3,"featured_media":0,"parent":7,"menu_order":0,"comment_status":"closed","ping_status":"closed","template":"","meta":{"footnotes":""},"class_list":["post-21","page","type-page","status-publish","hentry"],"_links":{"self":[{"href":"https:\/\/zbikowska.waw.pl\/serwis\/wp-json\/wp\/v2\/pages\/21","targetHints":{"allow":["GET"]}}],"collection":[{"href":"https:\/\/zbikowska.waw.pl\/serwis\/wp-json\/wp\/v2\/pages"}],"about":[{"href":"https:\/\/zbikowska.waw.pl\/serwis\/wp-json\/wp\/v2\/types\/page"}],"author":[{"embeddable":true,"href":"https:\/\/zbikowska.waw.pl\/serwis\/wp-json\/wp\/v2\/users\/3"}],"replies":[{"embeddable":true,"href":"https:\/\/zbikowska.waw.pl\/serwis\/wp-json\/wp\/v2\/comments?post=21"}],"version-history":[{"count":54,"href":"https:\/\/zbikowska.waw.pl\/serwis\/wp-json\/wp\/v2\/pages\/21\/revisions"}],"predecessor-version":[{"id":1233,"href":"https:\/\/zbikowska.waw.pl\/serwis\/wp-json\/wp\/v2\/pages\/21\/revisions\/1233"}],"up":[{"embeddable":true,"href":"https:\/\/zbikowska.waw.pl\/serwis\/wp-json\/wp\/v2\/pages\/7"}],"wp:attachment":[{"href":"https:\/\/zbikowska.waw.pl\/serwis\/wp-json\/wp\/v2\/media?parent=21"}],"curies":[{"name":"wp","href":"https:\/\/api.w.org\/{rel}","templated":true}]}}