{"id":1117,"date":"2022-06-23T13:33:28","date_gmt":"2022-06-23T11:33:28","guid":{"rendered":"https:\/\/zbikowska.waw.pl\/serwis\/?page_id=1117"},"modified":"2022-08-03T20:38:49","modified_gmt":"2022-08-03T18:38:49","slug":"walne-zgromadzenie-2022","status":"publish","type":"page","link":"https:\/\/zbikowska.waw.pl\/serwis\/walne-zgromadzenie-2022\/","title":{"rendered":"Walne Zgromadzenie 2022"},"content":{"rendered":"\n<p><\/p>\n\n\n\n<p><a href=\"https:\/\/zbikowska.waw.pl\/serwis\/wp-content\/uploads\/2022\/06\/01-Protokol-z-WZ-z-dnia-09-06-2022r-2.pdf\">Protok\u00f3\u0142 09.06.2022<\/a><\/p>\n\n\n\n<p><a href=\"https:\/\/zbikowska.waw.pl\/serwis\/wp-content\/uploads\/2022\/06\/02-Uchwala-1-zatw-Spraw-KR-2021-1.pdf\">Uchwa\u0142a nr 1<\/a><\/p>\n\n\n\n<p><a href=\"https:\/\/zbikowska.waw.pl\/serwis\/wp-content\/uploads\/2022\/06\/03-Sprawozd-Komisji-Rewizyjnej-2021.pdf\">Sprawozdanie KR 2021<\/a><\/p>\n\n\n\n<p><a href=\"https:\/\/zbikowska.waw.pl\/serwis\/wp-content\/uploads\/2022\/06\/04-Uchwala-2-zatw-spraw-Zarzadu.pdf\">Uchwa\u0142a nr 2 Zatwierdzenie Sprawozdania Zarz\u0105du<\/a><\/p>\n\n\n\n<p><a href=\"https:\/\/zbikowska.waw.pl\/serwis\/wp-content\/uploads\/2022\/06\/05-Sprawozdanie-Zarzadu-2021.pdf\">Sprawozdanie Zarz\u0105du 2021<\/a><\/p>\n\n\n\n<p><a href=\"https:\/\/zbikowska.waw.pl\/serwis\/wp-content\/uploads\/2022\/06\/06-Uchwala-3-zatw-Spraw-Finans-2021.pdf\">Uchwa\u0142a nr 3 Zatwierdzenie Sprawozdania Finansowego 2021<\/a><\/p>\n\n\n\n<p><a href=\"https:\/\/zbikowska.waw.pl\/serwis\/wp-content\/uploads\/2022\/06\/07-Bilans-2021.pdf\">Bilans 2021<\/a><\/p>\n\n\n\n<p><a href=\"https:\/\/zbikowska.waw.pl\/serwis\/wp-content\/uploads\/2022\/06\/08-Rachunek-zyskow-i-strat-2021.pdf\">Rachunek Zysk\u00f3w i Strat 2021<\/a><\/p>\n\n\n\n<p><a href=\"https:\/\/zbikowska.waw.pl\/serwis\/wp-content\/uploads\/2022\/06\/09-Inform-dod-do-bilansu-2021.pdf\">Informacja dodatkowa do bilansu 2021<\/a><\/p>\n\n\n\n<p><a href=\"https:\/\/zbikowska.waw.pl\/serwis\/wp-content\/uploads\/2022\/06\/10-Uchw-4-udz-absolut-prezesowi-zarz.pdf\">Uchwa\u0142a nr 4 Absolutorium dla Prezesa Zarz\u0105du<\/a><\/p>\n\n\n\n<p><a href=\"https:\/\/zbikowska.waw.pl\/serwis\/wp-content\/uploads\/2022\/06\/11-Uchw-5-udz-sbsolut-czlonkowi-zarz.pdf\">Uchwa\u0142a nr 5 Absolutorium dla Cz\u0142onka Zarz\u0105du<\/a><\/p>\n\n\n\n<p><a href=\"https:\/\/zbikowska.waw.pl\/serwis\/wp-content\/uploads\/2022\/06\/12-Uchw-6-podzial-pozytkow.pdf\">Uchwa\u0142a nr 6 Podzia\u0142 po\u017cytk\u00f3w<\/a><\/p>\n\n\n\n<p><a href=\"https:\/\/zbikowska.waw.pl\/serwis\/wp-content\/uploads\/2022\/06\/13-Uchw-7-najwyz-suma-zob-2022.pdf\">Uchwa\u0142a nr 7 Oznaczenie najwy\u017cszej sumy zobowi\u0105za\u0144 w 2022 roku<\/a><\/p>\n\n\n\n<p><a href=\"https:\/\/zbikowska.waw.pl\/serwis\/wp-content\/uploads\/2022\/06\/14-Uchw-8-zatw-Planu-gosp-2022.pdf\">Uchwa\u0142a nr 8 Zatwierdzenie planu gospodarczego 2022<\/a><\/p>\n\n\n\n<p><a href=\"https:\/\/zbikowska.waw.pl\/serwis\/wp-content\/uploads\/2022\/06\/15-Plan-Gospodarczy-2022.pdf\">Plan Gospodarczy 2022<\/a><\/p>\n\n\n\n<p><\/p>\n\n\n\n<p><\/p>\n","protected":false},"excerpt":{"rendered":"<p>Protok\u00f3\u0142 09.06.2022 Uchwa\u0142a nr 1 Sprawozdanie KR 2021 Uchwa\u0142a nr 2 Zatwierdzenie Sprawozdania Zarz\u0105du Sprawozdanie Zarz\u0105du 2021 Uchwa\u0142a nr 3 Zatwierdzenie Sprawozdania Finansowego 2021 Bilans 2021 Rachunek Zysk\u00f3w i Strat 2021 Informacja dodatkowa do bilansu 2021 Uchwa\u0142a nr 4 Absolutorium dla Prezesa Zarz\u0105du Uchwa\u0142a nr 5 Absolutorium dla Cz\u0142onka Zarz\u0105du Uchwa\u0142a nr 6 Podzia\u0142 po\u017cytk\u00f3w &hellip; <\/p>\n<p class=\"link-more\"><a href=\"https:\/\/zbikowska.waw.pl\/serwis\/walne-zgromadzenie-2022\/\" class=\"more-link\">Czytaj dalej<span class=\"screen-reader-text\"> \u201eWalne Zgromadzenie 2022\u201d<\/span><\/a><\/p>\n","protected":false},"author":3,"featured_media":0,"parent":0,"menu_order":0,"comment_status":"closed","ping_status":"closed","template":"","meta":{"footnotes":""},"class_list":["post-1117","page","type-page","status-publish","hentry"],"_links":{"self":[{"href":"https:\/\/zbikowska.waw.pl\/serwis\/wp-json\/wp\/v2\/pages\/1117","targetHints":{"allow":["GET"]}}],"collection":[{"href":"https:\/\/zbikowska.waw.pl\/serwis\/wp-json\/wp\/v2\/pages"}],"about":[{"href":"https:\/\/zbikowska.waw.pl\/serwis\/wp-json\/wp\/v2\/types\/page"}],"author":[{"embeddable":true,"href":"https:\/\/zbikowska.waw.pl\/serwis\/wp-json\/wp\/v2\/users\/3"}],"replies":[{"embeddable":true,"href":"https:\/\/zbikowska.waw.pl\/serwis\/wp-json\/wp\/v2\/comments?post=1117"}],"version-history":[{"count":2,"href":"https:\/\/zbikowska.waw.pl\/serwis\/wp-json\/wp\/v2\/pages\/1117\/revisions"}],"predecessor-version":[{"id":1138,"href":"https:\/\/zbikowska.waw.pl\/serwis\/wp-json\/wp\/v2\/pages\/1117\/revisions\/1138"}],"wp:attachment":[{"href":"https:\/\/zbikowska.waw.pl\/serwis\/wp-json\/wp\/v2\/media?parent=1117"}],"curies":[{"name":"wp","href":"https:\/\/api.w.org\/{rel}","templated":true}]}}